{"id":10,"date":"2023-04-05T14:09:40","date_gmt":"2023-04-05T14:09:40","guid":{"rendered":"https:\/\/miguelgonzalezsanchez.com\/?page_id=10"},"modified":"2025-09-29T18:49:42","modified_gmt":"2025-09-29T16:49:42","slug":"nuestros-directores","status":"publish","type":"page","link":"https:\/\/miguelgonzalezsanchez.com\/index.php\/nuestros-directores\/","title":{"rendered":"Nuestros Directores"},"content":{"rendered":"\t\t<div data-elementor-type=\"wp-page\" data-elementor-id=\"10\" class=\"elementor elementor-10\" data-elementor-post-type=\"page\">\n\t\t\t\t\t\t<section class=\"elementor-section elementor-top-section elementor-element elementor-element-5e5efac elementor-section-stretched elementor-section-full_width elementor-section-height-default elementor-section-height-default\" data-id=\"5e5efac\" data-element_type=\"section\" data-e-type=\"section\" data-settings=\"{&quot;stretch_section&quot;:&quot;section-stretched&quot;,&quot;background_background&quot;:&quot;gradient&quot;}\">\n\t\t\t\t\t\t\t<div class=\"elementor-background-overlay\"><\/div>\n\t\t\t\t\t\t\t<div class=\"elementor-container elementor-column-gap-default\">\n\t\t\t\t\t<div class=\"elementor-column elementor-col-100 elementor-top-column elementor-element elementor-element-9f5643a\" data-id=\"9f5643a\" data-element_type=\"column\" data-e-type=\"column\">\n\t\t\t<div class=\"elementor-widget-wrap elementor-element-populated\">\n\t\t\t\t\t\t<div class=\"elementor-element elementor-element-67dbba1 elementor-widget__width-initial elementor-widget elementor-widget-heading\" data-id=\"67dbba1\" data-element_type=\"widget\" data-e-type=\"widget\" data-widget_type=\"heading.default\">\n\t\t\t\t<div class=\"elementor-widget-container\">\n\t\t\t\t\t<h1 class=\"elementor-heading-title elementor-size-default\">Nuestros Directores<\/h1>\t\t\t\t<\/div>\n\t\t\t\t<\/div>\n\t\t\t\t\t<\/div>\n\t\t<\/div>\n\t\t\t\t\t<\/div>\n\t\t<\/section>\n\t\t\t\t<section class=\"elementor-section elementor-top-section elementor-element elementor-element-0fcb25f elementor-section-stretched elementor-section-boxed elementor-section-height-default elementor-section-height-default\" data-id=\"0fcb25f\" data-element_type=\"section\" data-e-type=\"section\" data-settings=\"{&quot;stretch_section&quot;:&quot;section-stretched&quot;,&quot;background_background&quot;:&quot;gradient&quot;}\">\n\t\t\t\t\t\t\t<div class=\"elementor-background-overlay\"><\/div>\n\t\t\t\t\t\t\t<div class=\"elementor-container elementor-column-gap-wider\">\n\t\t\t\t\t<div class=\"elementor-column elementor-col-100 elementor-top-column elementor-element elementor-element-46a5eda\" data-id=\"46a5eda\" data-element_type=\"column\" data-e-type=\"column\">\n\t\t\t<div class=\"elementor-widget-wrap elementor-element-populated\">\n\t\t\t\t\t\t<section class=\"elementor-section elementor-inner-section elementor-element elementor-element-cbdd305 elementor-section-boxed elementor-section-height-default elementor-section-height-default\" data-id=\"cbdd305\" data-element_type=\"section\" data-e-type=\"section\">\n\t\t\t\t\t\t<div class=\"elementor-container elementor-column-gap-default\">\n\t\t\t\t\t<div class=\"elementor-column elementor-col-50 elementor-inner-column elementor-element elementor-element-b764bb3\" data-id=\"b764bb3\" data-element_type=\"column\" data-e-type=\"column\">\n\t\t\t<div class=\"elementor-widget-wrap elementor-element-populated\">\n\t\t\t\t\t\t<div class=\"elementor-element elementor-element-441077f elementor-widget__width-initial elementor-widget elementor-widget-heading\" data-id=\"441077f\" data-element_type=\"widget\" data-e-type=\"widget\" data-widget_type=\"heading.default\">\n\t\t\t\t<div class=\"elementor-widget-container\">\n\t\t\t\t\t<h4 class=\"elementor-heading-title elementor-size-default\">Miguel Gonz\u00e1lez \n\n<\/h4>\t\t\t\t<\/div>\n\t\t\t\t<\/div>\n\t\t\t\t<div class=\"elementor-element elementor-element-740ba58 elementor-widget elementor-widget-image\" data-id=\"740ba58\" data-element_type=\"widget\" data-e-type=\"widget\" data-widget_type=\"image.default\">\n\t\t\t\t<div class=\"elementor-widget-container\">\n\t\t\t\t\t\t\t\t\t\t\t\t\t\t\t<img decoding=\"async\" src=\"https:\/\/miguelgonzalezsanchez.com\/wp-content\/uploads\/elementor\/thumbs\/1.-MIGUEL-GONZALEZ_-1-rch8p7if7ktcj5m5p5tt355o88i8uhwa8sr93jpoqw.jpg\" title=\"1. MIGUEL GONZ\u00c1LEZ_\" alt=\"1. MIGUEL GONZ\u00c1LEZ_\" loading=\"lazy\" \/>\t\t\t\t\t\t\t\t\t\t\t\t\t\t\t<\/div>\n\t\t\t\t<\/div>\n\t\t\t\t<div class=\"elementor-element elementor-element-e00afc7 elementor-widget elementor-widget-heading\" data-id=\"e00afc7\" data-element_type=\"widget\" data-e-type=\"widget\" data-widget_type=\"heading.default\">\n\t\t\t\t<div class=\"elementor-widget-container\">\n\t\t\t\t\t<h4 class=\"elementor-heading-title elementor-size-default\">Socio Fundador<\/h4>\t\t\t\t<\/div>\n\t\t\t\t<\/div>\n\t\t\t\t<div class=\"elementor-element elementor-element-f6aae3f elementor-widget-divider--view-line elementor-widget elementor-widget-divider\" data-id=\"f6aae3f\" data-element_type=\"widget\" data-e-type=\"widget\" data-widget_type=\"divider.default\">\n\t\t\t\t<div class=\"elementor-widget-container\">\n\t\t\t\t\t\t\t<div class=\"elementor-divider\">\n\t\t\t<span class=\"elementor-divider-separator\">\n\t\t\t\t\t\t<\/span>\n\t\t<\/div>\n\t\t\t\t\t\t<\/div>\n\t\t\t\t<\/div>\n\t\t\t\t\t<\/div>\n\t\t<\/div>\n\t\t\t\t<div class=\"elementor-column elementor-col-50 elementor-inner-column elementor-element elementor-element-0911fe8\" data-id=\"0911fe8\" data-element_type=\"column\" data-e-type=\"column\">\n\t\t\t<div class=\"elementor-widget-wrap elementor-element-populated\">\n\t\t\t\t\t\t<div class=\"elementor-element elementor-element-bf85835 elementor-widget elementor-widget-heading\" data-id=\"bf85835\" data-element_type=\"widget\" data-e-type=\"widget\" data-widget_type=\"heading.default\">\n\t\t\t\t<div class=\"elementor-widget-container\">\n\t\t\t\t\t<h4 class=\"elementor-heading-title elementor-size-default\">Miguel Gonz\u00e1lez es un abogado con  una destacada trayectoria, es especialista en Derecho Penal respaldado por la Universidad Libre, y en Derecho Financiero y Burs\u00e1til, de la Universidad Externado de Colombia.<\/h4>\t\t\t\t<\/div>\n\t\t\t\t<\/div>\n\t\t\t\t<div class=\"elementor-element elementor-element-e5a323a elementor-widget elementor-widget-image\" data-id=\"e5a323a\" data-element_type=\"widget\" data-e-type=\"widget\" data-widget_type=\"image.default\">\n\t\t\t\t<div class=\"elementor-widget-container\">\n\t\t\t\t\t\t\t\t\t\t\t\t\t\t\t<img fetchpriority=\"high\" decoding=\"async\" width=\"876\" height=\"581\" src=\"https:\/\/miguelgonzalezsanchez.com\/wp-content\/uploads\/2024\/09\/mision.jpg\" class=\"attachment-large size-large wp-image-932\" alt=\"\" srcset=\"https:\/\/miguelgonzalezsanchez.com\/wp-content\/uploads\/2024\/09\/mision.jpg 876w, https:\/\/miguelgonzalezsanchez.com\/wp-content\/uploads\/2024\/09\/mision-500x332.jpg 500w, https:\/\/miguelgonzalezsanchez.com\/wp-content\/uploads\/2024\/09\/mision-300x199.jpg 300w, https:\/\/miguelgonzalezsanchez.com\/wp-content\/uploads\/2024\/09\/mision-768x509.jpg 768w, https:\/\/miguelgonzalezsanchez.com\/wp-content\/uploads\/2024\/09\/mision-113x75.jpg 113w, https:\/\/miguelgonzalezsanchez.com\/wp-content\/uploads\/2024\/09\/mision-480x318.jpg 480w\" sizes=\"(max-width:767px) 480px, (max-width:876px) 100vw, 876px\" \/>\t\t\t\t\t\t\t\t\t\t\t\t\t\t\t<\/div>\n\t\t\t\t<\/div>\n\t\t\t\t<div class=\"elementor-element elementor-element-20bdb73 elementor-widget elementor-widget-text-editor\" data-id=\"20bdb73\" data-element_type=\"widget\" data-e-type=\"widget\" data-widget_type=\"text-editor.default\">\n\t\t\t\t<div class=\"elementor-widget-container\">\n\t\t\t\t\t\t\t\t\t<p><span style=\"font-weight: 400;\">Su trayectoria profesional lo ha llevado a desempe\u00f1arse en roles clave dentro de la Rama Judicial, y actualmente es un referente en el \u00e1mbito acad\u00e9mico y profesional como representante de los egresados y miembro del Observatorio de Derecho Penal, Seguridad y Convivencia de la Universidad Libre, as\u00ed como asesor externo del Observatorio de Pol\u00edtica Criminal de la Alcald\u00eda Mayor de Bogot\u00e1.<\/span><\/p><p><span style=\"font-weight: 400;\">Como emprendedor y fundador de su propia firma legal, Miguel Gonz\u00e1lez ha demostrado ser un l\u00edder visionario en el sector jur\u00eddico. Su habilidad para establecer y dirigir una firma legal exitosa se evidencia en su enfoque integral que combina un profundo conocimiento en Derecho Penal con una aguda comprensi\u00f3n de los riesgos financieros y delictivos que enfrentan las empresas. Bajo su direcci\u00f3n, la firma se ha consolidado como una consultora de confianza para el sector privado, ofreciendo estrategias de mitigaci\u00f3n de riesgos y prevenci\u00f3n de conductas delictivas que protegen los intereses de sus clientes.<\/span><\/p>\t\t\t\t\t\t\t\t<\/div>\n\t\t\t\t<\/div>\n\t\t\t\t<div class=\"elementor-element elementor-element-c8dd391 elementor-position-left elementor-vertical-align-top elementor-widget elementor-widget-image-box\" data-id=\"c8dd391\" data-element_type=\"widget\" data-e-type=\"widget\" data-widget_type=\"image-box.default\">\n\t\t\t\t<div class=\"elementor-widget-container\">\n\t\t\t\t\t<div class=\"elementor-image-box-wrapper\"><figure class=\"elementor-image-box-img\"><img decoding=\"async\" width=\"512\" height=\"512\" src=\"https:\/\/miguelgonzalezsanchez.com\/wp-content\/uploads\/2024\/09\/comprobado.png\" class=\"attachment-full size-full wp-image-972\" alt=\"comprobado\" srcset=\"https:\/\/miguelgonzalezsanchez.com\/wp-content\/uploads\/2024\/09\/comprobado.png 512w, https:\/\/miguelgonzalezsanchez.com\/wp-content\/uploads\/2024\/09\/comprobado-500x500.png 500w, https:\/\/miguelgonzalezsanchez.com\/wp-content\/uploads\/2024\/09\/comprobado-300x300.png 300w, https:\/\/miguelgonzalezsanchez.com\/wp-content\/uploads\/2024\/09\/comprobado-150x150.png 150w, https:\/\/miguelgonzalezsanchez.com\/wp-content\/uploads\/2024\/09\/comprobado-75x75.png 75w, https:\/\/miguelgonzalezsanchez.com\/wp-content\/uploads\/2024\/09\/comprobado-480x480.png 480w\" sizes=\"(max-width:767px) 480px, 512px\" \/><\/figure><div class=\"elementor-image-box-content\"><h3 class=\"elementor-image-box-title\">Miguel tambi\u00e9n destaca por su capacidad para liderar equipos multidisciplinarios<\/h3><p class=\"elementor-image-box-description\">Gestionando casos complejos con una visi\u00f3n estrat\u00e9gica y un compromiso inquebrantable con la excelencia. Su enfoque en el desarrollo empresarial de la firma, junto con su experticia en litigios penales, lo posiciona como un referente en el manejo de firmas legales y en la asesor\u00eda integral para la gesti\u00f3n de riesgos corporativos.<\/p><\/div><\/div>\t\t\t\t<\/div>\n\t\t\t\t<\/div>\n\t\t\t\t\t<\/div>\n\t\t<\/div>\n\t\t\t\t\t<\/div>\n\t\t<\/section>\n\t\t\t\t\t<\/div>\n\t\t<\/div>\n\t\t\t\t\t<\/div>\n\t\t<\/section>\n\t\t\t\t<section class=\"elementor-section elementor-top-section elementor-element elementor-element-fe2bf74 elementor-section-stretched elementor-section-boxed elementor-section-height-default elementor-section-height-default\" data-id=\"fe2bf74\" data-element_type=\"section\" data-e-type=\"section\" data-settings=\"{&quot;stretch_section&quot;:&quot;section-stretched&quot;,&quot;background_background&quot;:&quot;gradient&quot;}\">\n\t\t\t\t\t\t\t<div class=\"elementor-background-overlay\"><\/div>\n\t\t\t\t\t\t\t<div class=\"elementor-container elementor-column-gap-wider\">\n\t\t\t\t\t<div class=\"elementor-column elementor-col-100 elementor-top-column elementor-element elementor-element-f5052f5\" data-id=\"f5052f5\" data-element_type=\"column\" data-e-type=\"column\">\n\t\t\t<div class=\"elementor-widget-wrap elementor-element-populated\">\n\t\t\t\t\t\t<section class=\"elementor-section elementor-inner-section elementor-element elementor-element-13f52c3 elementor-section-boxed elementor-section-height-default elementor-section-height-default\" data-id=\"13f52c3\" data-element_type=\"section\" data-e-type=\"section\">\n\t\t\t\t\t\t<div class=\"elementor-container elementor-column-gap-default\">\n\t\t\t\t\t<div class=\"elementor-column elementor-col-50 elementor-inner-column elementor-element elementor-element-3b73fbb\" data-id=\"3b73fbb\" data-element_type=\"column\" data-e-type=\"column\">\n\t\t\t<div class=\"elementor-widget-wrap elementor-element-populated\">\n\t\t\t\t\t\t<div class=\"elementor-element elementor-element-86abf75 elementor-widget__width-initial elementor-widget elementor-widget-heading\" data-id=\"86abf75\" data-element_type=\"widget\" data-e-type=\"widget\" data-widget_type=\"heading.default\">\n\t\t\t\t<div class=\"elementor-widget-container\">\n\t\t\t\t\t<h4 class=\"elementor-heading-title elementor-size-default\">Yeraldin Gil C\u00e1rdenas\n\n<\/h4>\t\t\t\t<\/div>\n\t\t\t\t<\/div>\n\t\t\t\t<div class=\"elementor-element elementor-element-1ded994 elementor-widget elementor-widget-image\" data-id=\"1ded994\" data-element_type=\"widget\" data-e-type=\"widget\" data-widget_type=\"image.default\">\n\t\t\t\t<div class=\"elementor-widget-container\">\n\t\t\t\t\t\t\t\t\t\t\t\t\t\t\t<img decoding=\"async\" src=\"https:\/\/miguelgonzalezsanchez.com\/wp-content\/uploads\/elementor\/thumbs\/3.-YERALDIN-GIL-1-rch8mq7r6bf3w77v6l8909ovsmqdj91s8is4i9e360.jpg\" title=\"3. YERALDIN GIL\" alt=\"3. YERALDIN GIL\" loading=\"lazy\" \/>\t\t\t\t\t\t\t\t\t\t\t\t\t\t\t<\/div>\n\t\t\t\t<\/div>\n\t\t\t\t<div class=\"elementor-element elementor-element-20f4c17 elementor-widget elementor-widget-heading\" data-id=\"20f4c17\" data-element_type=\"widget\" data-e-type=\"widget\" data-widget_type=\"heading.default\">\n\t\t\t\t<div class=\"elementor-widget-container\">\n\t\t\t\t\t<h4 class=\"elementor-heading-title elementor-size-default\">Directora<\/h4>\t\t\t\t<\/div>\n\t\t\t\t<\/div>\n\t\t\t\t<div class=\"elementor-element elementor-element-d3659bd elementor-widget-divider--view-line elementor-widget elementor-widget-divider\" data-id=\"d3659bd\" data-element_type=\"widget\" data-e-type=\"widget\" data-widget_type=\"divider.default\">\n\t\t\t\t<div class=\"elementor-widget-container\">\n\t\t\t\t\t\t\t<div class=\"elementor-divider\">\n\t\t\t<span class=\"elementor-divider-separator\">\n\t\t\t\t\t\t<\/span>\n\t\t<\/div>\n\t\t\t\t\t\t<\/div>\n\t\t\t\t<\/div>\n\t\t\t\t\t<\/div>\n\t\t<\/div>\n\t\t\t\t<div class=\"elementor-column elementor-col-50 elementor-inner-column elementor-element elementor-element-4095e4b\" data-id=\"4095e4b\" data-element_type=\"column\" data-e-type=\"column\">\n\t\t\t<div class=\"elementor-widget-wrap elementor-element-populated\">\n\t\t\t\t\t\t<div class=\"elementor-element elementor-element-943af8a elementor-widget elementor-widget-heading\" data-id=\"943af8a\" data-element_type=\"widget\" data-e-type=\"widget\" data-widget_type=\"heading.default\">\n\t\t\t\t<div class=\"elementor-widget-container\">\n\t\t\t\t\t<h4 class=\"elementor-heading-title elementor-size-default\">Abogada con amplia experiencia\u200b, en el \u00e1rea de Contrataci\u00f3n Estatal, dentro del campo del Derecho Administrativo.<\/h4>\t\t\t\t<\/div>\n\t\t\t\t<\/div>\n\t\t\t\t<div class=\"elementor-element elementor-element-3eefa85 elementor-widget elementor-widget-image\" data-id=\"3eefa85\" data-element_type=\"widget\" data-e-type=\"widget\" data-widget_type=\"image.default\">\n\t\t\t\t<div class=\"elementor-widget-container\">\n\t\t\t\t\t\t\t\t\t\t\t\t\t\t\t<img decoding=\"async\" width=\"856\" height=\"578\" src=\"https:\/\/miguelgonzalezsanchez.com\/wp-content\/uploads\/2024\/09\/causa.png\" class=\"attachment-large size-large wp-image-929\" alt=\"Su Causa, nuestro Compromiso\" srcset=\"https:\/\/miguelgonzalezsanchez.com\/wp-content\/uploads\/2024\/09\/causa.png 856w, https:\/\/miguelgonzalezsanchez.com\/wp-content\/uploads\/2024\/09\/causa-500x338.png 500w, https:\/\/miguelgonzalezsanchez.com\/wp-content\/uploads\/2024\/09\/causa-300x203.png 300w, https:\/\/miguelgonzalezsanchez.com\/wp-content\/uploads\/2024\/09\/causa-768x519.png 768w, https:\/\/miguelgonzalezsanchez.com\/wp-content\/uploads\/2024\/09\/causa-111x75.png 111w, https:\/\/miguelgonzalezsanchez.com\/wp-content\/uploads\/2024\/09\/causa-480x324.png 480w\" sizes=\"(max-width:767px) 480px, (max-width:856px) 100vw, 856px\" \/>\t\t\t\t\t\t\t\t\t\t\t\t\t\t\t<\/div>\n\t\t\t\t<\/div>\n\t\t\t\t<div class=\"elementor-element elementor-element-802bf05 elementor-widget elementor-widget-text-editor\" data-id=\"802bf05\" data-element_type=\"widget\" data-e-type=\"widget\" data-widget_type=\"text-editor.default\">\n\t\t\t\t<div class=\"elementor-widget-container\">\n\t\t\t\t\t\t\t\t\t<p><span style=\"font-weight: 400;\">Desde su graduaci\u00f3n en 2018, ha trabajado en la asesor\u00eda y gesti\u00f3n de procesos de contrataci\u00f3n p\u00fablica, destac\u00e1ndose por su capacidad de an\u00e1lisis y por ofrecer soluciones jur\u00eddicas que aportan un valor diferenciador. Su compromiso con la responsabilidad, la disciplina y la discreci\u00f3n le ha permitido liderar equipos de trabajo con \u00e9xito, siempre bajo un enfoque de respeto mutuo y colaboraci\u00f3n. Su habilidad para adaptarse a situaciones imprevistas y gestionar cambios en procesos complejos la posiciona como una profesional confiable y eficiente en el \u00e1mbito de la contrataci\u00f3n estatal.<\/span><\/p>\t\t\t\t\t\t\t\t<\/div>\n\t\t\t\t<\/div>\n\t\t\t\t<div class=\"elementor-element elementor-element-dab136c elementor-position-left elementor-vertical-align-top elementor-widget elementor-widget-image-box\" data-id=\"dab136c\" data-element_type=\"widget\" data-e-type=\"widget\" data-widget_type=\"image-box.default\">\n\t\t\t\t<div class=\"elementor-widget-container\">\n\t\t\t\t\t<div class=\"elementor-image-box-wrapper\"><figure class=\"elementor-image-box-img\"><img decoding=\"async\" width=\"512\" height=\"512\" src=\"https:\/\/miguelgonzalezsanchez.com\/wp-content\/uploads\/2024\/09\/comprobado.png\" class=\"attachment-full size-full wp-image-972\" alt=\"comprobado\" srcset=\"https:\/\/miguelgonzalezsanchez.com\/wp-content\/uploads\/2024\/09\/comprobado.png 512w, https:\/\/miguelgonzalezsanchez.com\/wp-content\/uploads\/2024\/09\/comprobado-500x500.png 500w, https:\/\/miguelgonzalezsanchez.com\/wp-content\/uploads\/2024\/09\/comprobado-300x300.png 300w, https:\/\/miguelgonzalezsanchez.com\/wp-content\/uploads\/2024\/09\/comprobado-150x150.png 150w, https:\/\/miguelgonzalezsanchez.com\/wp-content\/uploads\/2024\/09\/comprobado-75x75.png 75w, https:\/\/miguelgonzalezsanchez.com\/wp-content\/uploads\/2024\/09\/comprobado-480x480.png 480w\" sizes=\"(max-width:767px) 480px, 512px\" \/><\/figure><div class=\"elementor-image-box-content\"><h3 class=\"elementor-image-box-title\">Se distingue por su alta competencia en la elaboraci\u00f3n de an\u00e1lisis jur\u00eddicos detallados<\/h3><p class=\"elementor-image-box-description\">Y en la redacci\u00f3n de documentos legales que destacan por su claridad y precisi\u00f3n. Su responsabilidad, eficiencia y entrega en cada caso en el que se involucra, garantiza el \u00e9xito y el cumplimiento de los objetivos trazados.<\/p><\/div><\/div>\t\t\t\t<\/div>\n\t\t\t\t<\/div>\n\t\t\t\t\t<\/div>\n\t\t<\/div>\n\t\t\t\t\t<\/div>\n\t\t<\/section>\n\t\t\t\t<div class=\"elementor-element elementor-element-e4bee27 elementor-position-inline-end elementor-widget__width-auto elementor-view-default elementor-mobile-position-block-start elementor-widget elementor-widget-icon-box\" data-id=\"e4bee27\" data-element_type=\"widget\" data-e-type=\"widget\" data-widget_type=\"icon-box.default\">\n\t\t\t\t<div class=\"elementor-widget-container\">\n\t\t\t\t\t\t\t<div class=\"elementor-icon-box-wrapper\">\n\n\t\t\t\t\t\t<div class=\"elementor-icon-box-icon\">\n\t\t\t\t<a href=\"https:\/\/miguelgonzalezsanchez.com\/\" class=\"elementor-icon\" tabindex=\"-1\" aria-label=\"Volver al inicio\">\n\t\t\t\t<svg aria-hidden=\"true\" class=\"e-font-icon-svg e-fas-undo\" viewBox=\"0 0 512 512\" xmlns=\"http:\/\/www.w3.org\/2000\/svg\"><path d=\"M212.333 224.333H12c-6.627 0-12-5.373-12-12V12C0 5.373 5.373 0 12 0h48c6.627 0 12 5.373 12 12v78.112C117.773 39.279 184.26 7.47 258.175 8.007c136.906.994 246.448 111.623 246.157 248.532C504.041 393.258 393.12 504 256.333 504c-64.089 0-122.496-24.313-166.51-64.215-5.099-4.622-5.334-12.554-.467-17.42l33.967-33.967c4.474-4.474 11.662-4.717 16.401-.525C170.76 415.336 211.58 432 256.333 432c97.268 0 176-78.716 176-176 0-97.267-78.716-176-176-176-58.496 0-110.28 28.476-142.274 72.333h98.274c6.627 0 12 5.373 12 12v48c0 6.627-5.373 12-12 12z\"><\/path><\/svg>\t\t\t\t<\/a>\n\t\t\t<\/div>\n\t\t\t\n\t\t\t\t\t\t<div class=\"elementor-icon-box-content\">\n\n\t\t\t\t\t\t\t\t\t<h6 class=\"elementor-icon-box-title\">\n\t\t\t\t\t\t<a href=\"https:\/\/miguelgonzalezsanchez.com\/\" >\n\t\t\t\t\t\t\tVolver al inicio\t\t\t\t\t\t<\/a>\n\t\t\t\t\t<\/h6>\n\t\t\t\t\n\t\t\t\t\n\t\t\t<\/div>\n\t\t\t\n\t\t<\/div>\n\t\t\t\t\t\t<\/div>\n\t\t\t\t<\/div>\n\t\t\t\t\t<\/div>\n\t\t<\/div>\n\t\t\t\t\t<\/div>\n\t\t<\/section>\n\t\t\t\t<\/div>\n\t\t","protected":false},"excerpt":{"rendered":"<p><span class=\"excerpt-hellip\"> [\u2026]<\/span><\/p>\n","protected":false},"author":1,"featured_media":0,"parent":0,"menu_order":0,"comment_status":"closed","ping_status":"closed","template":"","meta":{"footnotes":""},"class_list":["post-10","page","type-page","status-publish","hentry"],"_links":{"self":[{"href":"https:\/\/miguelgonzalezsanchez.com\/index.php\/wp-json\/wp\/v2\/pages\/10","targetHints":{"allow":["GET"]}}],"collection":[{"href":"https:\/\/miguelgonzalezsanchez.com\/index.php\/wp-json\/wp\/v2\/pages"}],"about":[{"href":"https:\/\/miguelgonzalezsanchez.com\/index.php\/wp-json\/wp\/v2\/types\/page"}],"author":[{"embeddable":true,"href":"https:\/\/miguelgonzalezsanchez.com\/index.php\/wp-json\/wp\/v2\/users\/1"}],"replies":[{"embeddable":true,"href":"https:\/\/miguelgonzalezsanchez.com\/index.php\/wp-json\/wp\/v2\/comments?post=10"}],"version-history":[{"count":60,"href":"https:\/\/miguelgonzalezsanchez.com\/index.php\/wp-json\/wp\/v2\/pages\/10\/revisions"}],"predecessor-version":[{"id":1523,"href":"https:\/\/miguelgonzalezsanchez.com\/index.php\/wp-json\/wp\/v2\/pages\/10\/revisions\/1523"}],"wp:attachment":[{"href":"https:\/\/miguelgonzalezsanchez.com\/index.php\/wp-json\/wp\/v2\/media?parent=10"}],"curies":[{"name":"wp","href":"https:\/\/api.w.org\/{rel}","templated":true}]}}