{"id":1487,"date":"2025-09-22T00:24:00","date_gmt":"2025-09-21T22:24:00","guid":{"rendered":"https:\/\/miguelgonzalezsanchez.com\/?page_id=1487"},"modified":"2026-03-19T21:51:13","modified_gmt":"2026-03-19T20:51:13","slug":"nuestro-equipo","status":"publish","type":"page","link":"https:\/\/miguelgonzalezsanchez.com\/index.php\/nuestro-equipo\/","title":{"rendered":"Nuestro Equipo"},"content":{"rendered":"\t\t<div data-elementor-type=\"wp-page\" data-elementor-id=\"1487\" class=\"elementor elementor-1487\" data-elementor-post-type=\"page\">\n\t\t\t\t\t\t<section class=\"elementor-section elementor-top-section elementor-element elementor-element-5e5efac elementor-section-stretched elementor-section-full_width elementor-section-height-default elementor-section-height-default\" data-id=\"5e5efac\" data-element_type=\"section\" data-e-type=\"section\" data-settings=\"{&quot;stretch_section&quot;:&quot;section-stretched&quot;,&quot;background_background&quot;:&quot;gradient&quot;}\">\n\t\t\t\t\t\t\t<div class=\"elementor-background-overlay\"><\/div>\n\t\t\t\t\t\t\t<div class=\"elementor-container elementor-column-gap-default\">\n\t\t\t\t\t<div class=\"elementor-column elementor-col-100 elementor-top-column elementor-element elementor-element-9f5643a\" data-id=\"9f5643a\" data-element_type=\"column\" data-e-type=\"column\">\n\t\t\t<div class=\"elementor-widget-wrap elementor-element-populated\">\n\t\t\t\t\t\t<div class=\"elementor-element elementor-element-67dbba1 elementor-widget__width-initial elementor-widget elementor-widget-heading\" data-id=\"67dbba1\" data-element_type=\"widget\" data-e-type=\"widget\" data-widget_type=\"heading.default\">\n\t\t\t\t<div class=\"elementor-widget-container\">\n\t\t\t\t\t<h1 class=\"elementor-heading-title elementor-size-default\">Nuestro Equipo<\/h1>\t\t\t\t<\/div>\n\t\t\t\t<\/div>\n\t\t\t\t\t<\/div>\n\t\t<\/div>\n\t\t\t\t\t<\/div>\n\t\t<\/section>\n\t\t\t\t<section class=\"elementor-section elementor-top-section elementor-element elementor-element-f192f5d elementor-section-stretched elementor-section-boxed elementor-section-height-default elementor-section-height-default\" data-id=\"f192f5d\" data-element_type=\"section\" data-e-type=\"section\" data-settings=\"{&quot;stretch_section&quot;:&quot;section-stretched&quot;,&quot;background_background&quot;:&quot;gradient&quot;}\">\n\t\t\t\t\t\t\t<div class=\"elementor-background-overlay\"><\/div>\n\t\t\t\t\t\t\t<div class=\"elementor-container elementor-column-gap-wider\">\n\t\t\t\t\t<div class=\"elementor-column elementor-col-100 elementor-top-column elementor-element elementor-element-3e89a2e\" data-id=\"3e89a2e\" data-element_type=\"column\" data-e-type=\"column\">\n\t\t\t<div class=\"elementor-widget-wrap elementor-element-populated\">\n\t\t\t\t\t\t<section class=\"elementor-section elementor-inner-section elementor-element elementor-element-385463e elementor-section-boxed elementor-section-height-default elementor-section-height-default\" data-id=\"385463e\" data-element_type=\"section\" data-e-type=\"section\">\n\t\t\t\t\t\t<div class=\"elementor-container elementor-column-gap-default\">\n\t\t\t\t\t<div class=\"elementor-column elementor-col-50 elementor-inner-column elementor-element elementor-element-219f144\" data-id=\"219f144\" data-element_type=\"column\" data-e-type=\"column\">\n\t\t\t<div class=\"elementor-widget-wrap elementor-element-populated\">\n\t\t\t\t\t\t<div class=\"elementor-element elementor-element-fff34fc elementor-widget__width-initial elementor-widget elementor-widget-heading\" data-id=\"fff34fc\" data-element_type=\"widget\" data-e-type=\"widget\" data-widget_type=\"heading.default\">\n\t\t\t\t<div class=\"elementor-widget-container\">\n\t\t\t\t\t<h4 class=\"elementor-heading-title elementor-size-default\">Mar\u00eda Cristina Fuentes\n\n<\/h4>\t\t\t\t<\/div>\n\t\t\t\t<\/div>\n\t\t\t\t<div class=\"elementor-element elementor-element-52e01d1 elementor-widget elementor-widget-image\" data-id=\"52e01d1\" data-element_type=\"widget\" data-e-type=\"widget\" data-widget_type=\"image.default\">\n\t\t\t\t<div class=\"elementor-widget-container\">\n\t\t\t\t\t\t\t\t\t\t\t\t\t\t\t<img decoding=\"async\" src=\"https:\/\/miguelgonzalezsanchez.com\/wp-content\/uploads\/elementor\/thumbs\/4.-MARIA-CRISTINA-FUENTES-e1758760007338-rc93b7b2cs84i9ine6d60xfh6dadssgsfq2u163rm0.jpg\" title=\"4. MARIA CRISTINA FUENTES\" alt=\"4. MARIA CRISTINA FUENTES\" loading=\"lazy\" \/>\t\t\t\t\t\t\t\t\t\t\t\t\t\t\t<\/div>\n\t\t\t\t<\/div>\n\t\t\t\t<div class=\"elementor-element elementor-element-db3588e elementor-widget elementor-widget-heading\" data-id=\"db3588e\" data-element_type=\"widget\" data-e-type=\"widget\" data-widget_type=\"heading.default\">\n\t\t\t\t<div class=\"elementor-widget-container\">\n\t\t\t\t\t<h4 class=\"elementor-heading-title elementor-size-default\">Abogada Asociada<\/h4>\t\t\t\t<\/div>\n\t\t\t\t<\/div>\n\t\t\t\t<div class=\"elementor-element elementor-element-26b4cf5 elementor-widget-divider--view-line elementor-widget elementor-widget-divider\" data-id=\"26b4cf5\" data-element_type=\"widget\" data-e-type=\"widget\" data-widget_type=\"divider.default\">\n\t\t\t\t<div class=\"elementor-widget-container\">\n\t\t\t\t\t\t\t<div class=\"elementor-divider\">\n\t\t\t<span class=\"elementor-divider-separator\">\n\t\t\t\t\t\t<\/span>\n\t\t<\/div>\n\t\t\t\t\t\t<\/div>\n\t\t\t\t<\/div>\n\t\t\t\t\t<\/div>\n\t\t<\/div>\n\t\t\t\t<div class=\"elementor-column elementor-col-50 elementor-inner-column elementor-element elementor-element-abb1eca\" data-id=\"abb1eca\" data-element_type=\"column\" data-e-type=\"column\">\n\t\t\t<div class=\"elementor-widget-wrap elementor-element-populated\">\n\t\t\t\t\t\t<div class=\"elementor-element elementor-element-652305d elementor-widget elementor-widget-heading\" data-id=\"652305d\" data-element_type=\"widget\" data-e-type=\"widget\" data-widget_type=\"heading.default\">\n\t\t\t\t<div class=\"elementor-widget-container\">\n\t\t\t\t\t<h4 class=\"elementor-heading-title elementor-size-default\">Abogada de la Universidad del Sin\u00fa, especialista (c) en Derecho Administrativo de la Universidad del Rosario. Cuenta con s\u00f3lida experiencia en el sector p\u00fablico, especialmente en la Rama Judicial dentro de la Jurisdicci\u00f3n Ordinaria, con \u00e9nfasis en Derecho Civil y Contencioso Administrativo.<\/h4>\t\t\t\t<\/div>\n\t\t\t\t<\/div>\n\t\t\t\t<div class=\"elementor-element elementor-element-a234824 elementor-widget elementor-widget-text-editor\" data-id=\"a234824\" data-element_type=\"widget\" data-e-type=\"widget\" data-widget_type=\"text-editor.default\">\n\t\t\t\t<div class=\"elementor-widget-container\">\n\t\t\t\t\t\t\t\t\t<p><span style=\"font-weight: 400;\">Se ha destacado por su compromiso, rigurosidad t\u00e9cnica y criterio jur\u00eddico en la elaboraci\u00f3n y proyecci\u00f3n de demandas, contestaciones y representaci\u00f3n en audiencias. As\u00ed mismo, posee amplio conocimiento en la asesor\u00eda a empresas en el \u00e1mbito de la contrataci\u00f3n estatal, derecho Corporativo y Privado, acompa\u00f1ando procesos administrativos y contractuales con enfoque preventivo y estrat\u00e9gico.<\/span><\/p>\t\t\t\t\t\t\t\t<\/div>\n\t\t\t\t<\/div>\n\t\t\t\t\t<\/div>\n\t\t<\/div>\n\t\t\t\t\t<\/div>\n\t\t<\/section>\n\t\t\t\t\t<\/div>\n\t\t<\/div>\n\t\t\t\t\t<\/div>\n\t\t<\/section>\n\t\t\t\t<section class=\"elementor-section elementor-top-section elementor-element elementor-element-fe2bf74 elementor-section-stretched elementor-section-boxed elementor-section-height-default elementor-section-height-default\" data-id=\"fe2bf74\" data-element_type=\"section\" data-e-type=\"section\" data-settings=\"{&quot;stretch_section&quot;:&quot;section-stretched&quot;,&quot;background_background&quot;:&quot;gradient&quot;}\">\n\t\t\t\t\t\t\t<div class=\"elementor-background-overlay\"><\/div>\n\t\t\t\t\t\t\t<div class=\"elementor-container elementor-column-gap-wider\">\n\t\t\t\t\t<div class=\"elementor-column elementor-col-100 elementor-top-column elementor-element elementor-element-f5052f5\" data-id=\"f5052f5\" data-element_type=\"column\" data-e-type=\"column\">\n\t\t\t<div class=\"elementor-widget-wrap elementor-element-populated\">\n\t\t\t\t\t\t<section class=\"elementor-section elementor-inner-section elementor-element elementor-element-13f52c3 elementor-section-boxed elementor-section-height-default elementor-section-height-default\" data-id=\"13f52c3\" data-element_type=\"section\" data-e-type=\"section\">\n\t\t\t\t\t\t<div class=\"elementor-container elementor-column-gap-default\">\n\t\t\t\t\t<div class=\"elementor-column elementor-col-50 elementor-inner-column elementor-element elementor-element-3b73fbb\" data-id=\"3b73fbb\" data-element_type=\"column\" data-e-type=\"column\">\n\t\t\t<div class=\"elementor-widget-wrap elementor-element-populated\">\n\t\t\t\t\t\t<div class=\"elementor-element elementor-element-86abf75 elementor-widget__width-initial elementor-widget elementor-widget-heading\" data-id=\"86abf75\" data-element_type=\"widget\" data-e-type=\"widget\" data-widget_type=\"heading.default\">\n\t\t\t\t<div class=\"elementor-widget-container\">\n\t\t\t\t\t<h4 class=\"elementor-heading-title elementor-size-default\">Juan Felipe Ortiz\n<\/h4>\t\t\t\t<\/div>\n\t\t\t\t<\/div>\n\t\t\t\t<div class=\"elementor-element elementor-element-1ded994 elementor-widget elementor-widget-image\" data-id=\"1ded994\" data-element_type=\"widget\" data-e-type=\"widget\" data-widget_type=\"image.default\">\n\t\t\t\t<div class=\"elementor-widget-container\">\n\t\t\t\t\t\t\t\t\t\t\t\t\t\t\t<img decoding=\"async\" src=\"https:\/\/miguelgonzalezsanchez.com\/wp-content\/uploads\/elementor\/thumbs\/6.-JUAN-ORTIZ-e1758760039982-rc93c1dwfhdatsayijd88pu86p64n3s77uyde0v62w.jpg\" title=\"6. JUAN ORTIZ\" alt=\"6. JUAN ORTIZ\" loading=\"lazy\" \/>\t\t\t\t\t\t\t\t\t\t\t\t\t\t\t<\/div>\n\t\t\t\t<\/div>\n\t\t\t\t<div class=\"elementor-element elementor-element-20f4c17 elementor-widget elementor-widget-heading\" data-id=\"20f4c17\" data-element_type=\"widget\" data-e-type=\"widget\" data-widget_type=\"heading.default\">\n\t\t\t\t<div class=\"elementor-widget-container\">\n\t\t\t\t\t<h4 class=\"elementor-heading-title elementor-size-default\">Abogado<\/h4>\t\t\t\t<\/div>\n\t\t\t\t<\/div>\n\t\t\t\t<div class=\"elementor-element elementor-element-d3659bd elementor-widget-divider--view-line elementor-widget elementor-widget-divider\" data-id=\"d3659bd\" data-element_type=\"widget\" data-e-type=\"widget\" data-widget_type=\"divider.default\">\n\t\t\t\t<div class=\"elementor-widget-container\">\n\t\t\t\t\t\t\t<div class=\"elementor-divider\">\n\t\t\t<span class=\"elementor-divider-separator\">\n\t\t\t\t\t\t<\/span>\n\t\t<\/div>\n\t\t\t\t\t\t<\/div>\n\t\t\t\t<\/div>\n\t\t\t\t\t<\/div>\n\t\t<\/div>\n\t\t\t\t<div class=\"elementor-column elementor-col-50 elementor-inner-column elementor-element elementor-element-4095e4b\" data-id=\"4095e4b\" data-element_type=\"column\" data-e-type=\"column\">\n\t\t\t<div class=\"elementor-widget-wrap elementor-element-populated\">\n\t\t\t\t\t\t<div class=\"elementor-element elementor-element-943af8a elementor-widget elementor-widget-heading\" data-id=\"943af8a\" data-element_type=\"widget\" data-e-type=\"widget\" data-widget_type=\"heading.default\">\n\t\t\t\t<div class=\"elementor-widget-container\">\n\t\t\t\t\t<h4 class=\"elementor-heading-title elementor-size-default\">Abogado de la Pontificia Universidad Javeriana con \u00e9nfasis en Din\u00e1mica Estatal y Ciudadan\u00eda. A lo largo de su formaci\u00f3n acad\u00e9mica y profesional, ha liderado el \u00e1rea de Compliance Penal del Semillero de Derecho Penal Econ\u00f3mico de la misma universidad. Complementa su perfil con estudios en Compliance Penal realizados en la Universidad de Nebrija (Madrid, Espa\u00f1a) y un curso sobre Negocios \u00c9ticos y Sostenibles en su alma mater.<\/h4>\t\t\t\t<\/div>\n\t\t\t\t<\/div>\n\t\t\t\t<div class=\"elementor-element elementor-element-c5f63d0 elementor-widget elementor-widget-text-editor\" data-id=\"c5f63d0\" data-element_type=\"widget\" data-e-type=\"widget\" data-widget_type=\"text-editor.default\">\n\t\t\t\t<div class=\"elementor-widget-container\">\n\t\t\t\t\t\t\t\t\t<p><span style=\"font-weight: 400;\">Ha participado en seminarios avanzados sobre T\u00e9cnicas de Interrogatorio y Contrainterrogatorio organizados por la Universidad del Rosario, as\u00ed como en capacitaciones en Derecho Disciplinario y Proceso de Responsabilidad Fiscal.<\/span><\/p>\t\t\t\t\t\t\t\t<\/div>\n\t\t\t\t<\/div>\n\t\t\t\t\t<\/div>\n\t\t<\/div>\n\t\t\t\t\t<\/div>\n\t\t<\/section>\n\t\t\t\t\t<\/div>\n\t\t<\/div>\n\t\t\t\t\t<\/div>\n\t\t<\/section>\n\t\t\t\t<section class=\"elementor-section elementor-top-section elementor-element elementor-element-0fcb25f elementor-section-stretched elementor-section-boxed elementor-section-height-default elementor-section-height-default\" data-id=\"0fcb25f\" data-element_type=\"section\" data-e-type=\"section\" data-settings=\"{&quot;stretch_section&quot;:&quot;section-stretched&quot;,&quot;background_background&quot;:&quot;gradient&quot;}\">\n\t\t\t\t\t\t\t<div class=\"elementor-background-overlay\"><\/div>\n\t\t\t\t\t\t\t<div class=\"elementor-container elementor-column-gap-wider\">\n\t\t\t\t\t<div class=\"elementor-column elementor-col-100 elementor-top-column elementor-element elementor-element-46a5eda\" data-id=\"46a5eda\" data-element_type=\"column\" data-e-type=\"column\">\n\t\t\t<div class=\"elementor-widget-wrap elementor-element-populated\">\n\t\t\t\t\t\t<section class=\"elementor-section elementor-inner-section elementor-element elementor-element-cbdd305 elementor-section-boxed elementor-section-height-default elementor-section-height-default\" data-id=\"cbdd305\" data-element_type=\"section\" data-e-type=\"section\">\n\t\t\t\t\t\t<div class=\"elementor-container elementor-column-gap-default\">\n\t\t\t\t\t<div class=\"elementor-column elementor-col-50 elementor-inner-column elementor-element elementor-element-b764bb3\" data-id=\"b764bb3\" data-element_type=\"column\" data-e-type=\"column\">\n\t\t\t<div class=\"elementor-widget-wrap elementor-element-populated\">\n\t\t\t\t\t\t<div class=\"elementor-element elementor-element-441077f elementor-widget__width-initial elementor-widget elementor-widget-heading\" data-id=\"441077f\" data-element_type=\"widget\" data-e-type=\"widget\" data-widget_type=\"heading.default\">\n\t\t\t\t<div class=\"elementor-widget-container\">\n\t\t\t\t\t<h4 class=\"elementor-heading-title elementor-size-default\">Geraldine D\u00edaz Bar\u00f3n\n\n<\/h4>\t\t\t\t<\/div>\n\t\t\t\t<\/div>\n\t\t\t\t<div class=\"elementor-element elementor-element-740ba58 elementor-widget elementor-widget-image\" data-id=\"740ba58\" data-element_type=\"widget\" data-e-type=\"widget\" data-widget_type=\"image.default\">\n\t\t\t\t<div class=\"elementor-widget-container\">\n\t\t\t\t\t\t\t\t\t\t\t\t\t\t\t<img decoding=\"async\" src=\"https:\/\/miguelgonzalezsanchez.com\/wp-content\/uploads\/elementor\/thumbs\/5.-GERALDINE-DIAZ-e1758760076586-rc93d05xgcowrcwfvgefaz2a5yepjwm9on3c59floo.jpg\" title=\"5. GERALDINE DIAZ\" alt=\"5. GERALDINE DIAZ\" loading=\"lazy\" \/>\t\t\t\t\t\t\t\t\t\t\t\t\t\t\t<\/div>\n\t\t\t\t<\/div>\n\t\t\t\t<div class=\"elementor-element elementor-element-e00afc7 elementor-widget elementor-widget-heading\" data-id=\"e00afc7\" data-element_type=\"widget\" data-e-type=\"widget\" data-widget_type=\"heading.default\">\n\t\t\t\t<div class=\"elementor-widget-container\">\n\t\t\t\t\t<h4 class=\"elementor-heading-title elementor-size-default\">Abogada<\/h4>\t\t\t\t<\/div>\n\t\t\t\t<\/div>\n\t\t\t\t<div class=\"elementor-element elementor-element-f6aae3f elementor-widget-divider--view-line elementor-widget elementor-widget-divider\" data-id=\"f6aae3f\" data-element_type=\"widget\" data-e-type=\"widget\" data-widget_type=\"divider.default\">\n\t\t\t\t<div class=\"elementor-widget-container\">\n\t\t\t\t\t\t\t<div class=\"elementor-divider\">\n\t\t\t<span class=\"elementor-divider-separator\">\n\t\t\t\t\t\t<\/span>\n\t\t<\/div>\n\t\t\t\t\t\t<\/div>\n\t\t\t\t<\/div>\n\t\t\t\t\t<\/div>\n\t\t<\/div>\n\t\t\t\t<div class=\"elementor-column elementor-col-50 elementor-inner-column elementor-element elementor-element-0911fe8\" data-id=\"0911fe8\" data-element_type=\"column\" data-e-type=\"column\">\n\t\t\t<div class=\"elementor-widget-wrap elementor-element-populated\">\n\t\t\t\t\t\t<div class=\"elementor-element elementor-element-bf85835 elementor-widget elementor-widget-heading\" data-id=\"bf85835\" data-element_type=\"widget\" data-e-type=\"widget\" data-widget_type=\"heading.default\">\n\t\t\t\t<div class=\"elementor-widget-container\">\n\t\t\t\t\t<h4 class=\"elementor-heading-title elementor-size-default\">Abogada de la Universidad Cat\u00f3lica de Colombia, especialista en Derecho Penal de la Universidad del Rosario. Su trayectoria profesional se ha orientado al ejercicio del Derecho Penal y Derecho Penal Corporativo, consolidando experiencia en litigio, asesor\u00eda y representaci\u00f3n judicial.<\/h4>\t\t\t\t<\/div>\n\t\t\t\t<\/div>\n\t\t\t\t<div class=\"elementor-element elementor-element-20bdb73 elementor-widget elementor-widget-text-editor\" data-id=\"20bdb73\" data-element_type=\"widget\" data-e-type=\"widget\" data-widget_type=\"text-editor.default\">\n\t\t\t\t<div class=\"elementor-widget-container\">\n\t\t\t\t\t\t\t\t\t<p><span style=\"font-weight: 400;\">Integr\u00f3 el Sistema Nacional de Defensor\u00eda p\u00fablica, en el cual ejerci\u00f3 funciones de defensa t\u00e9cnica durante un per\u00edodo de un a\u00f1o y medio.<\/span><\/p><p><span style=\"font-weight: 400;\"> Trabaj\u00f3 en el Caso 07 de la Jurisdicci\u00f3n Especial para la Paz (JEP), concerniente al reclutamiento y utilizaci\u00f3n de ni\u00f1as y ni\u00f1os en el conflicto armado. Hizo parte de la Justicia Penal Militar, donde apoyo el \u00e1rea de sustanciaci\u00f3n de fallos judiciales correspondientes a delitos cometidos por miembros de la fuerza p\u00fablica y actualmente se desempe\u00f1a como abogada litigante en el \u00e1rea de Derecho Penal y Derecho Penal Corporativo, asesorando representando los intereses de personas naturales y jur\u00eddicas.<\/span><\/p>\t\t\t\t\t\t\t\t<\/div>\n\t\t\t\t<\/div>\n\t\t\t\t\t<\/div>\n\t\t<\/div>\n\t\t\t\t\t<\/div>\n\t\t<\/section>\n\t\t\t\t\t<\/div>\n\t\t<\/div>\n\t\t\t\t\t<\/div>\n\t\t<\/section>\n\t\t\t\t<\/div>\n\t\t","protected":false},"excerpt":{"rendered":"<p><span class=\"excerpt-hellip\"> [\u2026]<\/span><\/p>\n","protected":false},"author":1,"featured_media":0,"parent":0,"menu_order":0,"comment_status":"closed","ping_status":"closed","template":"","meta":{"footnotes":""},"class_list":["post-1487","page","type-page","status-publish","hentry"],"_links":{"self":[{"href":"https:\/\/miguelgonzalezsanchez.com\/index.php\/wp-json\/wp\/v2\/pages\/1487","targetHints":{"allow":["GET"]}}],"collection":[{"href":"https:\/\/miguelgonzalezsanchez.com\/index.php\/wp-json\/wp\/v2\/pages"}],"about":[{"href":"https:\/\/miguelgonzalezsanchez.com\/index.php\/wp-json\/wp\/v2\/types\/page"}],"author":[{"embeddable":true,"href":"https:\/\/miguelgonzalezsanchez.com\/index.php\/wp-json\/wp\/v2\/users\/1"}],"replies":[{"embeddable":true,"href":"https:\/\/miguelgonzalezsanchez.com\/index.php\/wp-json\/wp\/v2\/comments?post=1487"}],"version-history":[{"count":19,"href":"https:\/\/miguelgonzalezsanchez.com\/index.php\/wp-json\/wp\/v2\/pages\/1487\/revisions"}],"predecessor-version":[{"id":1547,"href":"https:\/\/miguelgonzalezsanchez.com\/index.php\/wp-json\/wp\/v2\/pages\/1487\/revisions\/1547"}],"wp:attachment":[{"href":"https:\/\/miguelgonzalezsanchez.com\/index.php\/wp-json\/wp\/v2\/media?parent=1487"}],"curies":[{"name":"wp","href":"https:\/\/api.w.org\/{rel}","templated":true}]}}